{"id":2406,"date":"2024-04-15T19:36:56","date_gmt":"2024-04-15T18:36:56","guid":{"rendered":"https:\/\/unseen-horizons.com\/?post_type=product&#038;p=2406"},"modified":"2025-07-12T17:09:28","modified_gmt":"2025-07-12T16:09:28","slug":"basic-website-care-plan","status":"publish","type":"product","link":"https:\/\/unseen-horizons.com\/de\/produkt\/basis-paket-webseiten-pflege\/","title":{"rendered":"Basis Paket Webseiten-Pflege"},"content":{"rendered":"<p>Erhalte monatliche Wartung f\u00fcr deine WordPress Webseite mit bis zu <strong>max. 20 aktiven Plugins<\/strong> ohne Shop (WooCommerce) oder Mitgliederbereich.*<\/p>\n<ul class=\"uk-list uk-list-large\">\n<li>\n<div class=\"uk-grid-small\" uk-grid=\"\">\n<div class=\"uk-width-auto\"><img decoding=\"async\" class=\"uk-text-success\" src=\"\/wp-content\/uploads\/check.svg\" alt=\"\" uk-svg=\"\" \/><\/div>\n<div class=\"uk-width-expand\">Software Updates (WordPress Core, Themes, Plugins)<\/div>\n<\/div>\n<\/li>\n<li>\n<div class=\"uk-grid-small\" uk-grid=\"\">\n<div class=\"uk-width-auto\"><img decoding=\"async\" class=\"uk-text-success\" src=\"\/wp-content\/uploads\/check.svg\" alt=\"\" uk-svg=\"\" \/><\/div>\n<div class=\"uk-width-expand\">\n<div>Server Maintenance (PHP, Datenbank, Verf\u00fcgbarkeits-\u00dcberwachung)<\/div>\n<\/div>\n<\/div>\n<\/li>\n<li>\n<div class=\"uk-grid-small\" uk-grid=\"\">\n<div class=\"uk-width-auto\"><img decoding=\"async\" class=\"uk-text-success\" src=\"\/wp-content\/uploads\/check.svg\" alt=\"\" uk-svg=\"\" \/><\/div>\n<div class=\"uk-width-expand\">\n<div>Sicherheits\u00fcberwachung (Benachrichtigungen, Malware Scans)<\/div>\n<\/div>\n<\/div>\n<\/li>\n<li>\n<div class=\"uk-grid-small\" uk-grid=\"\">\n<div class=\"uk-width-auto\"><img decoding=\"async\" class=\"uk-text-success\" src=\"\/wp-content\/uploads\/check.svg\" alt=\"\" uk-svg=\"\" \/><\/div>\n<div class=\"uk-width-expand\">Backups (Planung, Validierung)<\/div>\n<\/div>\n<\/li>\n<li>\n<div class=\"uk-grid-small\" uk-grid=\"\">\n<div class=\"uk-width-auto\"><img decoding=\"async\" class=\"uk-text-success\" src=\"\/wp-content\/uploads\/check.svg\" alt=\"\" uk-svg=\"\" \/><\/div>\n<div class=\"uk-width-expand\">Technischer Support (Technische Beratung, Fehleranalyse)**<\/div>\n<\/div>\n<div><\/div>\n<\/li>\n<\/ul>\n<div class=\"uk-text-meta\">\n<p>\n*Wenn deine Webseite mehr als 20 aktive Plugins und \/ oder einen Shop (WooCommerce) oder einen Mitgliederbereich hat, dann ist das <a href=\"\/de\/produkt\/standard-paket-webseiten-pflege\">Standard Paket Webseiten-Pflege<\/a> f\u00fcr dich.<br \/>\n**Unter Vorbehalt: Eine umfangreiche technische Beratung oder Fehleranalyse ist nicht in diesem Pflegeplan enthalten. Dies bezieht sich nur auf einfache Fragen und anf\u00e4ngliches Brainstorming.\n<\/p>\n<\/div>\n","protected":false},"excerpt":{"rendered":"<p>Lehne dich entspannt zur\u00fcck in dem Wissen, dass deine WordPress Webseite die Pflege und Aufmerksamkeit erh\u00e4lt, die sie verdient inklusive Software Aktualisierungen, Serverwartung, Sicherheits\u00fcberwachung, Backups und technischem Support.<\/p>\n<p>Scroll weiter f\u00fcr die Bedingungen und mehr Details \u00fcber die enthaltenen Services.<\/p>\n","protected":false},"featured_media":2556,"comment_status":"open","ping_status":"closed","template":"","meta":{"_acf_changed":false},"product_brand":[],"product_cat":[42],"product_tag":[],"class_list":{"0":"post-2406","1":"product","2":"type-product","3":"status-publish","4":"has-post-thumbnail","6":"product_cat-webseiten-pflege","8":"first","9":"instock","10":"sale","11":"shipping-taxable","12":"purchasable","13":"product-type-variable-subscription"},"acf":[],"yoast_head":"<!-- This site is optimized with the Yoast SEO plugin v27.4 - https:\/\/yoast.com\/product\/yoast-seo-wordpress\/ -->\n<title>Basis Paket Webseiten-Pflege<\/title>\n<meta name=\"description\" content=\"Lehne dich entspannt zur\u00fcck in dem Wissen, dass deine WordPress Webseite die Pflege und Aufmerksamkeit erh\u00e4lt, die sie verdient inklusive Software Aktualisierungen, Serverwartung, Sicherheits\u00fcberwachung, Backups und technischem Support.  Scroll weiter f\u00fcr die Bedingungen und mehr Details \u00fcber die enthaltenen Services.\" \/>\n<meta name=\"robots\" content=\"index, follow, max-snippet:-1, max-image-preview:large, max-video-preview:-1\" \/>\n<link rel=\"canonical\" href=\"http:\/\/Lehne%20dich%20entspannt%20zur\u00fcck%20in%20dem%20Wissen,%20dass%20deine%20WordPress%20Webseite%20die%20Pflege%20und%20Aufmerksamkeit%20erh\u00e4lt,%20die%20sie%20verdient%20inklusive%20Software%20Aktualisierungen,%20Serverwartung,%20Sicherheits\u00fcberwachung,%20Backups%20und%20technischem%20Support.%20%20Scroll%20weiter%20f\u00fcr%20die%20Bedingungen%20und%20mehr%20Details%20\u00fcber%20die%20enthaltenen%20Services.\" \/>\n<meta property=\"og:locale\" content=\"de_DE\" \/>\n<meta property=\"og:type\" content=\"article\" \/>\n<meta property=\"og:title\" content=\"Basis Paket Webseiten-Pflege\" \/>\n<meta property=\"og:description\" content=\"Lehne dich entspannt zur\u00fcck in dem Wissen, dass deine WordPress Webseite die Pflege und Aufmerksamkeit erh\u00e4lt, die sie verdient inklusive Software Aktualisierungen, Serverwartung, Sicherheits\u00fcberwachung, Backups und technischem Support.  Scroll weiter f\u00fcr die Bedingungen und mehr Details \u00fcber die enthaltenen Services.\" \/>\n<meta property=\"og:url\" content=\"https:\/\/unseen-horizons.com\/de\/produkt\/basis-paket-webseiten-pflege\/\" \/>\n<meta property=\"og:site_name\" content=\"Unseen Horizons\" \/>\n<meta property=\"article:modified_time\" content=\"2025-07-12T16:09:28+00:00\" \/>\n<meta property=\"og:image\" content=\"https:\/\/unseen-horizons.com\/wp-content\/uploads\/2024\/04\/basic-plan-badge.png\" \/>\n\t<meta property=\"og:image:width\" content=\"500\" \/>\n\t<meta property=\"og:image:height\" content=\"500\" \/>\n\t<meta property=\"og:image:type\" content=\"image\/png\" \/>\n<meta name=\"twitter:card\" content=\"summary_large_image\" \/>\n<meta name=\"twitter:label1\" content=\"Gesch\u00e4tzte Lesezeit\" \/>\n\t<meta name=\"twitter:data1\" content=\"2\u00a0Minuten\" \/>\n<script type=\"application\/ld+json\" class=\"yoast-schema-graph\">{\"@context\":\"https:\\\/\\\/schema.org\",\"@graph\":[{\"@type\":\"WebPage\",\"@id\":\"https:\\\/\\\/unseen-horizons.com\\\/de\\\/produkt\\\/basis-paket-webseiten-pflege\\\/\",\"url\":\"https:\\\/\\\/unseen-horizons.com\\\/de\\\/produkt\\\/basis-paket-webseiten-pflege\\\/\",\"name\":\"Basic Website Care Plan - Unseen Horizons\",\"isPartOf\":{\"@id\":\"https:\\\/\\\/unseen-horizons.com\\\/#website\"},\"primaryImageOfPage\":{\"@id\":\"https:\\\/\\\/unseen-horizons.com\\\/de\\\/produkt\\\/basis-paket-webseiten-pflege\\\/#primaryimage\"},\"image\":{\"@id\":\"https:\\\/\\\/unseen-horizons.com\\\/de\\\/produkt\\\/basis-paket-webseiten-pflege\\\/#primaryimage\"},\"thumbnailUrl\":\"https:\\\/\\\/unseen-horizons.com\\\/wp-content\\\/uploads\\\/2024\\\/04\\\/basic-plan-badge.png\",\"datePublished\":\"2024-04-15T18:36:56+00:00\",\"dateModified\":\"2025-07-12T16:09:28+00:00\",\"breadcrumb\":{\"@id\":\"https:\\\/\\\/unseen-horizons.com\\\/de\\\/produkt\\\/basis-paket-webseiten-pflege\\\/#breadcrumb\"},\"inLanguage\":\"de\",\"potentialAction\":[{\"@type\":\"ReadAction\",\"target\":[\"https:\\\/\\\/unseen-horizons.com\\\/de\\\/produkt\\\/basis-paket-webseiten-pflege\\\/\"]}]},{\"@type\":\"ImageObject\",\"inLanguage\":\"de\",\"@id\":\"https:\\\/\\\/unseen-horizons.com\\\/de\\\/produkt\\\/basis-paket-webseiten-pflege\\\/#primaryimage\",\"url\":\"https:\\\/\\\/unseen-horizons.com\\\/wp-content\\\/uploads\\\/2024\\\/04\\\/basic-plan-badge.png\",\"contentUrl\":\"https:\\\/\\\/unseen-horizons.com\\\/wp-content\\\/uploads\\\/2024\\\/04\\\/basic-plan-badge.png\",\"width\":500,\"height\":500},{\"@type\":\"BreadcrumbList\",\"@id\":\"https:\\\/\\\/unseen-horizons.com\\\/de\\\/produkt\\\/basis-paket-webseiten-pflege\\\/#breadcrumb\",\"itemListElement\":[{\"@type\":\"ListItem\",\"position\":1,\"name\":\"Home\",\"item\":\"https:\\\/\\\/unseen-horizons.com\\\/\"},{\"@type\":\"ListItem\",\"position\":2,\"name\":\"Shop\",\"item\":\"https:\\\/\\\/unseen-horizons.com\\\/shop\\\/\"},{\"@type\":\"ListItem\",\"position\":3,\"name\":\"Basis Paket Webseiten-Pflege\"}]},{\"@type\":\"WebSite\",\"@id\":\"https:\\\/\\\/unseen-horizons.com\\\/de\\\/#website\",\"url\":\"https:\\\/\\\/unseen-horizons.com\\\/de\\\/\",\"name\":\"Unseen Horizons\",\"description\":\"Process Automation - Website Optimization - Software Development\",\"publisher\":{\"@id\":\"https:\\\/\\\/unseen-horizons.com\\\/de\\\/#organization\"},\"potentialAction\":[{\"@type\":\"SearchAction\",\"target\":{\"@type\":\"EntryPoint\",\"urlTemplate\":\"https:\\\/\\\/unseen-horizons.com\\\/de\\\/?s={search_term_string}\"},\"query-input\":{\"@type\":\"PropertyValueSpecification\",\"valueRequired\":true,\"valueName\":\"search_term_string\"}}],\"inLanguage\":\"de\"},{\"@type\":\"Organization\",\"@id\":\"https:\\\/\\\/unseen-horizons.com\\\/de\\\/#organization\",\"name\":\"Unseen Horizons LLC\",\"url\":\"https:\\\/\\\/unseen-horizons.com\\\/de\\\/\",\"logo\":{\"@type\":\"ImageObject\",\"inLanguage\":\"de\",\"@id\":\"https:\\\/\\\/unseen-horizons.com\\\/de\\\/#\\\/schema\\\/logo\\\/image\\\/\",\"url\":\"https:\\\/\\\/unseen-horizons.com\\\/wp-content\\\/uploads\\\/2023\\\/06\\\/logo-wide-black-688x125-Kopie.png\",\"contentUrl\":\"https:\\\/\\\/unseen-horizons.com\\\/wp-content\\\/uploads\\\/2023\\\/06\\\/logo-wide-black-688x125-Kopie.png\",\"width\":405,\"height\":125,\"caption\":\"Unseen Horizons LLC\"},\"image\":{\"@id\":\"https:\\\/\\\/unseen-horizons.com\\\/de\\\/#\\\/schema\\\/logo\\\/image\\\/\"}}]}<\/script>\n<!-- \/ Yoast SEO plugin. -->","yoast_head_json":{"title":"Basis Paket Webseiten-Pflege","description":"Lehne dich entspannt zur\u00fcck in dem Wissen, dass deine WordPress Webseite die Pflege und Aufmerksamkeit erh\u00e4lt, die sie verdient inklusive Software Aktualisierungen, Serverwartung, Sicherheits\u00fcberwachung, Backups und technischem Support.  Scroll weiter f\u00fcr die Bedingungen und mehr Details \u00fcber die enthaltenen Services.","robots":{"index":"index","follow":"follow","max-snippet":"max-snippet:-1","max-image-preview":"max-image-preview:large","max-video-preview":"max-video-preview:-1"},"canonical":"Lehne dich entspannt zur\u00fcck in dem Wissen, dass deine WordPress Webseite die Pflege und Aufmerksamkeit erh\u00e4lt, die sie verdient inklusive Software Aktualisierungen, Serverwartung, Sicherheits\u00fcberwachung, Backups und technischem Support.  Scroll weiter f\u00fcr die Bedingungen und mehr Details \u00fcber die enthaltenen Services.","og_locale":"de_DE","og_type":"article","og_title":"Basis Paket Webseiten-Pflege","og_description":"Lehne dich entspannt zur\u00fcck in dem Wissen, dass deine WordPress Webseite die Pflege und Aufmerksamkeit erh\u00e4lt, die sie verdient inklusive Software Aktualisierungen, Serverwartung, Sicherheits\u00fcberwachung, Backups und technischem Support.  Scroll weiter f\u00fcr die Bedingungen und mehr Details \u00fcber die enthaltenen Services.","og_url":"https:\/\/unseen-horizons.com\/de\/produkt\/basis-paket-webseiten-pflege\/","og_site_name":"Unseen Horizons","article_modified_time":"2025-07-12T16:09:28+00:00","og_image":[{"width":500,"height":500,"url":"https:\/\/unseen-horizons.com\/wp-content\/uploads\/2024\/04\/basic-plan-badge.png","type":"image\/png"}],"twitter_card":"summary_large_image","twitter_misc":{"Gesch\u00e4tzte Lesezeit":"2\u00a0Minuten"},"schema":{"@context":"https:\/\/schema.org","@graph":[{"@type":"WebPage","@id":"https:\/\/unseen-horizons.com\/de\/produkt\/basis-paket-webseiten-pflege\/","url":"https:\/\/unseen-horizons.com\/de\/produkt\/basis-paket-webseiten-pflege\/","name":"Basic Website Care Plan - Unseen Horizons","isPartOf":{"@id":"https:\/\/unseen-horizons.com\/#website"},"primaryImageOfPage":{"@id":"https:\/\/unseen-horizons.com\/de\/produkt\/basis-paket-webseiten-pflege\/#primaryimage"},"image":{"@id":"https:\/\/unseen-horizons.com\/de\/produkt\/basis-paket-webseiten-pflege\/#primaryimage"},"thumbnailUrl":"https:\/\/unseen-horizons.com\/wp-content\/uploads\/2024\/04\/basic-plan-badge.png","datePublished":"2024-04-15T18:36:56+00:00","dateModified":"2025-07-12T16:09:28+00:00","breadcrumb":{"@id":"https:\/\/unseen-horizons.com\/de\/produkt\/basis-paket-webseiten-pflege\/#breadcrumb"},"inLanguage":"de","potentialAction":[{"@type":"ReadAction","target":["https:\/\/unseen-horizons.com\/de\/produkt\/basis-paket-webseiten-pflege\/"]}]},{"@type":"ImageObject","inLanguage":"de","@id":"https:\/\/unseen-horizons.com\/de\/produkt\/basis-paket-webseiten-pflege\/#primaryimage","url":"https:\/\/unseen-horizons.com\/wp-content\/uploads\/2024\/04\/basic-plan-badge.png","contentUrl":"https:\/\/unseen-horizons.com\/wp-content\/uploads\/2024\/04\/basic-plan-badge.png","width":500,"height":500},{"@type":"BreadcrumbList","@id":"https:\/\/unseen-horizons.com\/de\/produkt\/basis-paket-webseiten-pflege\/#breadcrumb","itemListElement":[{"@type":"ListItem","position":1,"name":"Home","item":"https:\/\/unseen-horizons.com\/"},{"@type":"ListItem","position":2,"name":"Shop","item":"https:\/\/unseen-horizons.com\/shop\/"},{"@type":"ListItem","position":3,"name":"Basis Paket Webseiten-Pflege"}]},{"@type":"WebSite","@id":"https:\/\/unseen-horizons.com\/de\/#website","url":"https:\/\/unseen-horizons.com\/de\/","name":"Unseen Horizons","description":"Process Automation - Website Optimization - Software Development","publisher":{"@id":"https:\/\/unseen-horizons.com\/de\/#organization"},"potentialAction":[{"@type":"SearchAction","target":{"@type":"EntryPoint","urlTemplate":"https:\/\/unseen-horizons.com\/de\/?s={search_term_string}"},"query-input":{"@type":"PropertyValueSpecification","valueRequired":true,"valueName":"search_term_string"}}],"inLanguage":"de"},{"@type":"Organization","@id":"https:\/\/unseen-horizons.com\/de\/#organization","name":"Unseen Horizons LLC","url":"https:\/\/unseen-horizons.com\/de\/","logo":{"@type":"ImageObject","inLanguage":"de","@id":"https:\/\/unseen-horizons.com\/de\/#\/schema\/logo\/image\/","url":"https:\/\/unseen-horizons.com\/wp-content\/uploads\/2023\/06\/logo-wide-black-688x125-Kopie.png","contentUrl":"https:\/\/unseen-horizons.com\/wp-content\/uploads\/2023\/06\/logo-wide-black-688x125-Kopie.png","width":405,"height":125,"caption":"Unseen Horizons LLC"},"image":{"@id":"https:\/\/unseen-horizons.com\/de\/#\/schema\/logo\/image\/"}}]}},"_links":{"self":[{"href":"https:\/\/unseen-horizons.com\/de\/wp-json\/wp\/v2\/product\/2406","targetHints":{"allow":["GET"]}}],"collection":[{"href":"https:\/\/unseen-horizons.com\/de\/wp-json\/wp\/v2\/product"}],"about":[{"href":"https:\/\/unseen-horizons.com\/de\/wp-json\/wp\/v2\/types\/product"}],"replies":[{"embeddable":true,"href":"https:\/\/unseen-horizons.com\/de\/wp-json\/wp\/v2\/comments?post=2406"}],"wp:featuredmedia":[{"embeddable":true,"href":"https:\/\/unseen-horizons.com\/de\/wp-json\/wp\/v2\/media\/2556"}],"wp:attachment":[{"href":"https:\/\/unseen-horizons.com\/de\/wp-json\/wp\/v2\/media?parent=2406"}],"wp:term":[{"taxonomy":"product_brand","embeddable":true,"href":"https:\/\/unseen-horizons.com\/de\/wp-json\/wp\/v2\/product_brand?post=2406"},{"taxonomy":"product_cat","embeddable":true,"href":"https:\/\/unseen-horizons.com\/de\/wp-json\/wp\/v2\/product_cat?post=2406"},{"taxonomy":"product_tag","embeddable":true,"href":"https:\/\/unseen-horizons.com\/de\/wp-json\/wp\/v2\/product_tag?post=2406"}],"curies":[{"name":"wp","href":"https:\/\/api.w.org\/{rel}","templated":true}]}}